{"id":9295,"date":"2022-01-13T09:17:31","date_gmt":"2022-01-13T09:17:31","guid":{"rendered":"https:\/\/conluzmeditacion.com\/?page_id=9295"},"modified":"2022-10-07T02:09:26","modified_gmt":"2022-10-07T02:09:26","slug":"para-empresas","status":"publish","type":"page","link":"https:\/\/conluzmeditacion.com\/index.php\/para-empresas\/","title":{"rendered":"Para Empresas"},"content":{"rendered":"<p>[et_pb_section fb_built=\u00bb1&#8243; _builder_version=\u00bb4.10.1&#8243; _module_preset=\u00bbdefault\u00bb background_enable_color=\u00bboff\u00bb background_image=\u00bbhttps:\/\/conluzmeditacion.com\/wp-content\/uploads\/2022\/03\/fondo-definitivo-opt.png\u00bb background_position=\u00bbcenter_right\u00bb custom_padding=\u00bb0px||0px|||\u00bb locked=\u00bboff\u00bb global_colors_info=\u00bb{}\u00bb da_is_popup=\u00bboff\u00bb da_exit_intent=\u00bboff\u00bb da_has_close=\u00bbon\u00bb da_alt_close=\u00bboff\u00bb da_dark_close=\u00bboff\u00bb da_not_modal=\u00bbon\u00bb da_is_singular=\u00bboff\u00bb da_with_loader=\u00bboff\u00bb da_has_shadow=\u00bbon\u00bb da_disable_devices=\u00bboff|off|off\u00bb][et_pb_row column_structure=\u00bb1_2,1_2&#8243; _builder_version=\u00bb4.10.1&#8243; _module_preset=\u00bbdefault\u00bb width=\u00bb100%\u00bb max_width=\u00bb1127px\u00bb global_colors_info=\u00bb{}\u00bb][et_pb_column type=\u00bb1_2&#8243; _builder_version=\u00bb4.6.5&#8243; _module_preset=\u00bbdefault\u00bb global_colors_info=\u00bb{}\u00bb][et_pb_text disabled_on=\u00bboff|off|on\u00bb _builder_version=\u00bb4.10.1&#8243; _module_preset=\u00bbdefault\u00bb text_font=\u00bbAfter Glow Regular||||||||\u00bb header_text_color=\u00bb#CB9C43&#8243; header_2_font=\u00bbArima Madurai||||||||\u00bb header_2_text_color=\u00bb#CB9C43&#8243; header_2_font_size=\u00bb48px\u00bb header_2_line_height=\u00bb1.3em\u00bb custom_margin_tablet=\u00bb|||25px|false|false\u00bb custom_margin_phone=\u00bb|25px||25px|false|true\u00bb custom_margin_last_edited=\u00bbon|tablet\u00bb header_2_font_size_tablet=\u00bb34px\u00bb header_2_font_size_phone=\u00bb22px\u00bb header_2_font_size_last_edited=\u00bbon|phone\u00bb locked=\u00bboff\u00bb global_colors_info=\u00bb{}\u00bb]<\/p>\n<h2 style=\"text-align: center;\"><strong>\u201c<\/strong>Tu Empresa va a crecer, en la misma medida que tu gente crezca<strong>\u201d<\/strong><\/h2>\n<p>[\/et_pb_text][et_pb_image src=\u00bbhttps:\/\/conluzmeditacion.com\/wp-content\/uploads\/2022\/03\/Opcion-2-Meditacion-para-empresas.png\u00bb title_text=\u00bbOpci\u00f3n 2 Meditaci\u00f3n para empresas\u00bb align_tablet=\u00bbcenter\u00bb align_phone=\u00bbcenter\u00bb align_last_edited=\u00bbon|tablet\u00bb _builder_version=\u00bb4.10.1&#8243; _module_preset=\u00bbdefault\u00bb width=\u00bb80%\u00bb global_colors_info=\u00bb{}\u00bb][\/et_pb_image][\/et_pb_column][et_pb_column type=\u00bb1_2&#8243; _builder_version=\u00bb4.6.5&#8243; _module_preset=\u00bbdefault\u00bb global_colors_info=\u00bb{}\u00bb][et_pb_text disabled_on=\u00bbon|on|off\u00bb _builder_version=\u00bb4.10.1&#8243; _module_preset=\u00bbdefault\u00bb text_font=\u00bbAfter Glow Regular||||||||\u00bb header_text_color=\u00bb#CB9C43&#8243; header_2_font=\u00bbArima Madurai||||||||\u00bb header_2_text_color=\u00bb#CB9C43&#8243; header_2_font_size=\u00bb48px\u00bb header_2_line_height=\u00bb1.3em\u00bb header_2_font_size_tablet=\u00bb34px\u00bb header_2_font_size_phone=\u00bb22px\u00bb header_2_font_size_last_edited=\u00bbon|phone\u00bb locked=\u00bboff\u00bb global_colors_info=\u00bb{}\u00bb]<\/p>\n<h2><strong>\u201c<\/strong>Tu Empresa va a crecer, en la misma medida que tu gente crezca<strong>\u201d<\/strong><\/h2>\n<p>[\/et_pb_text][et_pb_text _builder_version=\u00bb4.10.1&#8243; _module_preset=\u00bbdefault\u00bb text_font=\u00bbQuicksand||||||||\u00bb text_text_color=\u00bb#4A8370&#8243; text_font_size=\u00bb20px\u00bb text_line_height=\u00bb1.8em\u00bb custom_margin=\u00bb|||||true\u00bb custom_margin_tablet=\u00bb|25px||25px|false|true\u00bb custom_margin_phone=\u00bb|25px||25px|false|true\u00bb custom_margin_last_edited=\u00bbon|tablet\u00bb locked=\u00bboff\u00bb global_colors_info=\u00bb{}\u00bb]<\/p>\n<p style=\"text-align: left;\">El bienestar emocional y mental de tus colaboradores, es esencial para lograr mejores resultados, mayor productividad y compromiso con la organizaci\u00f3n.<\/p>\n<p style=\"text-align: left;\"><strong>\u00bfC\u00f3mo lo puedes lograr?<\/strong><\/p>\n<p style=\"text-align: left;\">MEDITA EMPRESARIAL Con Luz, es un taller presencial y virtual, que por medio de la meditaci\u00f3n mindfulness, le brindar\u00e1 herramientas pr\u00e1cticas a tu equipo de trabajo, para gestionar sus emociones, vivir en el presente y lograr un anhelado equilibrio entre sus vidas personales y laborales.<\/p>\n<p>[\/et_pb_text][\/et_pb_column][\/et_pb_row][et_pb_row _builder_version=\u00bb4.10.1&#8243; _module_preset=\u00bbdefault\u00bb custom_margin=\u00bb|auto|-33px|auto|false|false\u00bb custom_padding=\u00bb0px||0px||true|false\u00bb global_colors_info=\u00bb{}\u00bb][et_pb_column type=\u00bb4_4&#8243; _builder_version=\u00bb4.10.1&#8243; _module_preset=\u00bbdefault\u00bb background_enable_color=\u00bboff\u00bb background_enable_image=\u00bboff\u00bb background_size=\u00bbinitial\u00bb custom_padding=\u00bb60px|40px|60px|40px|true|true\u00bb custom_padding_tablet=\u00bb|30px||30px|true|true\u00bb custom_padding_phone=\u00bb|20px||20px|true|true\u00bb custom_padding_last_edited=\u00bbon|phone\u00bb global_colors_info=\u00bb{}\u00bb][et_pb_divider color=\u00bb#4A8370&#8243; _builder_version=\u00bb4.10.1&#8243; _module_preset=\u00bbdefault\u00bb width=\u00bb70%\u00bb module_alignment=\u00bbcenter\u00bb custom_margin=\u00bb-2px||17px|||\u00bb locked=\u00bboff\u00bb global_colors_info=\u00bb{}\u00bb][\/et_pb_divider][et_pb_text _builder_version=\u00bb4.10.1&#8243; _module_preset=\u00bbdefault\u00bb text_font=\u00bbQuicksand||||||||\u00bb text_text_color=\u00bb#4A8370&#8243; text_font_size=\u00bb20px\u00bb text_line_height=\u00bb1.8em\u00bb header_4_font=\u00bbArima Madurai|600|||||||\u00bb header_4_text_color=\u00bb#CB9C43&#8243; header_4_font_size=\u00bb48px\u00bb header_4_line_height=\u00bb1.8em\u00bb header_4_font_size_tablet=\u00bb20px\u00bb header_4_font_size_phone=\u00bb16px\u00bb header_4_font_size_last_edited=\u00bbon|phone\u00bb global_colors_info=\u00bb{}\u00bb]<\/p>\n<h4>BENEFICIOS PARA LA ORGANIZACI\u00d3N:<\/h4>\n<p>[\/et_pb_text][et_pb_blurb use_icon=\u00bbon\u00bb font_icon=\u00bb%%45%%\u00bb icon_color=\u00bb#4A8370&#8243; use_circle=\u00bbon\u00bb circle_color=\u00bb#CB9C43&#8243; icon_placement=\u00bbleft\u00bb content_max_width=\u00bb100%\u00bb _builder_version=\u00bb4.10.1&#8243; _module_preset=\u00bbdefault\u00bb header_font=\u00bbAfter Glow Regular|600|||||||\u00bb header_text_color=\u00bb#007C60&#8243; header_font_size=\u00bb17px\u00bb header_line_height=\u00bb1.3em\u00bb body_font=\u00bbQuicksand||||||||\u00bb body_text_color=\u00bb#4A8370&#8243; body_font_size=\u00bb20px\u00bb header_font_size_tablet=\u00bb\u00bb header_font_size_phone=\u00bb16px\u00bb header_font_size_last_edited=\u00bbon|phone\u00bb locked=\u00bboff\u00bb global_colors_info=\u00bb{}\u00bb]<\/p>\n<p><b>Contar\u00e1s con l\u00edderes m\u00e1s conscientes.<\/b><\/p>\n<p>[\/et_pb_blurb][et_pb_blurb use_icon=\u00bbon\u00bb font_icon=\u00bb%%45%%\u00bb icon_color=\u00bb#4A8370&#8243; use_circle=\u00bbon\u00bb circle_color=\u00bb#CB9C43&#8243; icon_placement=\u00bbleft\u00bb content_max_width=\u00bb100%\u00bb _builder_version=\u00bb4.10.1&#8243; _module_preset=\u00bbdefault\u00bb header_font=\u00bbAfter Glow Regular|600|||||||\u00bb header_text_color=\u00bb#007C60&#8243; header_font_size=\u00bb17px\u00bb header_line_height=\u00bb1.3em\u00bb body_font=\u00bbQuicksand||||||||\u00bb body_text_color=\u00bb#4A8370&#8243; body_font_size=\u00bb20px\u00bb header_font_size_tablet=\u00bb\u00bb header_font_size_phone=\u00bb16px\u00bb header_font_size_last_edited=\u00bbon|phone\u00bb locked=\u00bboff\u00bb global_colors_info=\u00bb{}\u00bb]<\/p>\n<p><b>Tendr\u00e1s un equipo m\u00e1s conectado y motivado, al que no tendr\u00e1s que estar empujando para cumplir los objetivos propuestos, ya que tendr\u00e1n una raz\u00f3n m\u00e1s profunda para hacer sus labores.<\/b><\/p>\n<p>[\/et_pb_blurb][et_pb_blurb use_icon=\u00bbon\u00bb font_icon=\u00bb%%45%%\u00bb icon_color=\u00bb#4A8370&#8243; use_circle=\u00bbon\u00bb circle_color=\u00bb#CB9C43&#8243; icon_placement=\u00bbleft\u00bb content_max_width=\u00bb100%\u00bb _builder_version=\u00bb4.10.1&#8243; _module_preset=\u00bbdefault\u00bb header_font=\u00bbAfter Glow Regular|600|||||||\u00bb header_text_color=\u00bb#007C60&#8243; header_font_size=\u00bb17px\u00bb header_line_height=\u00bb1.3em\u00bb body_font=\u00bbQuicksand||||||||\u00bb body_text_color=\u00bb#4A8370&#8243; body_font_size=\u00bb20px\u00bb header_font_size_tablet=\u00bb\u00bb header_font_size_phone=\u00bb16px\u00bb header_font_size_last_edited=\u00bbon|phone\u00bb locked=\u00bboff\u00bb global_colors_info=\u00bb{}\u00bb]<\/p>\n<p><b>Percibir\u00e1s un mejor ambiente laboral y tendr\u00e1s un equipo de trabajo m\u00e1s colaborativo.<\/b><\/p>\n<p>[\/et_pb_blurb][et_pb_blurb use_icon=\u00bbon\u00bb font_icon=\u00bb%%45%%\u00bb icon_color=\u00bb#4A8370&#8243; use_circle=\u00bbon\u00bb circle_color=\u00bb#CB9C43&#8243; icon_placement=\u00bbleft\u00bb content_max_width=\u00bb100%\u00bb _builder_version=\u00bb4.10.1&#8243; _module_preset=\u00bbdefault\u00bb header_font=\u00bbAfter Glow Regular|600|||||||\u00bb header_text_color=\u00bb#007C60&#8243; header_font_size=\u00bb17px\u00bb header_line_height=\u00bb1.3em\u00bb body_font=\u00bbQuicksand||||||||\u00bb body_text_color=\u00bb#4A8370&#8243; body_font_size=\u00bb20px\u00bb hover_enabled=\u00bb0&#8243; header_font_size_tablet=\u00bb\u00bb header_font_size_phone=\u00bb16px\u00bb header_font_size_last_edited=\u00bbon|phone\u00bb locked=\u00bboff\u00bb global_colors_info=\u00bb{}\u00bb sticky_enabled=\u00bb0&#8243;]<\/p>\n<p><b>Se reducira el estr\u00e9s y la ansiedad laboral, dos estados que causan el 90% de las enfermedades que incapacitan a tus colaboradores<\/b><\/p>\n<p>[\/et_pb_blurb][et_pb_blurb use_icon=\u00bbon\u00bb font_icon=\u00bb%%45%%\u00bb icon_color=\u00bb#4A8370&#8243; use_circle=\u00bbon\u00bb circle_color=\u00bb#CB9C43&#8243; icon_placement=\u00bbleft\u00bb content_max_width=\u00bb100%\u00bb _builder_version=\u00bb4.10.1&#8243; _module_preset=\u00bbdefault\u00bb header_font=\u00bbAfter Glow Regular|600|||||||\u00bb header_text_color=\u00bb#007C60&#8243; header_font_size=\u00bb17px\u00bb header_line_height=\u00bb1.3em\u00bb body_font=\u00bbQuicksand||||||||\u00bb body_text_color=\u00bb#4A8370&#8243; body_font_size=\u00bb20px\u00bb hover_enabled=\u00bb0&#8243; header_font_size_tablet=\u00bb\u00bb header_font_size_phone=\u00bb16px\u00bb header_font_size_last_edited=\u00bbon|phone\u00bb locked=\u00bboff\u00bb global_colors_info=\u00bb{}\u00bb sticky_enabled=\u00bb0&#8243;]<\/p>\n<p><b>El margen de error humano que se puede presentar al realizar diferentes tareas, disminuir\u00e1.<\/b><\/p>\n<p>[\/et_pb_blurb][et_pb_text _builder_version=\u00bb4.10.1&#8243; _module_preset=\u00bbdefault\u00bb text_font=\u00bbQuicksand||||||||\u00bb text_text_color=\u00bb#4A8370&#8243; text_font_size=\u00bb20px\u00bb text_line_height=\u00bb1.8em\u00bb locked=\u00bboff\u00bb global_colors_info=\u00bb{}\u00bb]<\/p>\n<p>Si tu equipo est\u00e1 bien, tu organizaci\u00f3n tambi\u00e9n lo estar\u00e1 y por ende todo lo anterior se ver\u00e1 reflejado en resultados.<\/p>\n<p>[\/et_pb_text][et_pb_divider color=\u00bb#4A8370&#8243; _builder_version=\u00bb4.10.1&#8243; _module_preset=\u00bbdefault\u00bb width=\u00bb70%\u00bb custom_margin=\u00bb-2px||-3px|||\u00bb locked=\u00bboff\u00bb global_colors_info=\u00bb{}\u00bb][\/et_pb_divider][et_pb_code admin_label=\u00bbC\u00f3digo\u00bb module_id=\u00bbformulario\u00bb _builder_version=\u00bb4.10.1&#8243; _module_preset=\u00bbdefault\u00bb custom_margin=\u00bb0px||0px||true|false\u00bb global_colors_info=\u00bb{}\u00bb]<\/p>\n<div class=\"ml-form-embed\"<!-- [et_pb_line_break_holder] -->  data-account=\u00bb3818342:k3c4t2v7p6&#8243;<!-- [et_pb_line_break_holder] -->  data-form=\u00bb5616149:d0p9u6&#8243;><!-- [et_pb_line_break_holder] --><\/div>\n<p><!-- [et_pb_line_break_holder] --><!-- MailerLite Universal --><!-- [et_pb_line_break_holder] --><script><!-- [et_pb_line_break_holder] -->(function(m,a,i,l,e,r){ m['MailerLiteObject']=e;function f(){<!-- [et_pb_line_break_holder] -->var c={ a:arguments,q:[]};var r=this.push(c);return \"number\"!=typeof r?r:f.bind(c.q);}<!-- [et_pb_line_break_holder] -->f.q=f.q||[];m[e]=m[e]||f.bind(f.q);m[e].q=m[e].q||f.q;r=a.createElement(i);<!-- [et_pb_line_break_holder] -->var _=a.getElementsByTagName(i)[0];r.async=1;r.src=l+'?v'+(~~(new Date().getTime()\/1000000));<!-- [et_pb_line_break_holder] -->_.parentNode.insertBefore(r,_);})(window, document, 'script', 'https:\/\/static.mailerlite.com\/js\/universal.js', 'ml');<!-- [et_pb_line_break_holder] --><!-- [et_pb_line_break_holder] -->var ml_account = ml('accounts', '3818342', 'k3c4t2v7p6', 'load');<!-- [et_pb_line_break_holder] --><\/script><!-- [et_pb_line_break_holder] --><!-- End MailerLite Universal --><!-- [et_pb_line_break_holder] --><!-- [et_pb_line_break_holder] -->[\/et_pb_code][et_pb_divider color=\u00bb#4A8370&#8243; divider_weight=\u00bb2px\u00bb admin_label=\u00bbSeparador\u00bb _builder_version=\u00bb4.10.1&#8243; _module_preset=\u00bbdefault\u00bb width=\u00bb15%\u00bb module_alignment=\u00bbcenter\u00bb locked=\u00bboff\u00bb global_colors_info=\u00bb{}\u00bb][\/et_pb_divider][et_pb_text _builder_version=\u00bb4.10.1&#8243; _module_preset=\u00bbdefault\u00bb header_text_color=\u00bb#007C60&#8243; header_2_font=\u00bbArima Madurai||||||||\u00bb header_2_text_align=\u00bbcenter\u00bb header_2_text_color=\u00bb#4A8370&#8243; header_2_font_size=\u00bb48px\u00bb header_2_line_height=\u00bb1.3em\u00bb animation_style=\u00bbfade\u00bb header_2_font_size_tablet=\u00bb34px\u00bb header_2_font_size_phone=\u00bb22px\u00bb header_2_font_size_last_edited=\u00bbon|phone\u00bb locked=\u00bboff\u00bb global_colors_info=\u00bb{}\u00bb header_2_2_font_size_tablet=\u00bb34px\u00bb header_3_2_font_size_tablet=\u00bb34px\u00bb header_4_2_font_size_tablet=\u00bb34px\u00bb header_5_2_font_size_tablet=\u00bb34px\u00bb header_6_2_font_size_tablet=\u00bb34px\u00bb header_2_2_font_size_phone=\u00bb22px\u00bb header_3_2_font_size_phone=\u00bb22px\u00bb header_4_2_font_size_phone=\u00bb22px\u00bb header_5_2_font_size_phone=\u00bb22px\u00bb header_6_2_font_size_phone=\u00bb22px\u00bb header_2_2_font_size_last_edited=\u00bbon|phone\u00bb header_3_2_font_size_last_edited=\u00bbon|phone\u00bb header_4_2_font_size_last_edited=\u00bbon|phone\u00bb header_5_2_font_size_last_edited=\u00bbon|phone\u00bb header_6_2_font_size_last_edited=\u00bbon|phone\u00bb]<\/p>\n<h2>Para Mayor Informaci\u00f3n<\/h2>\n<p>[\/et_pb_text][et_pb_image src=\u00bbhttps:\/\/conluzmeditacion.com\/wp-content\/uploads\/2022\/03\/whatsapp-opt.png\u00bb title_text=\u00bbwhatsapp opt\u00bb align=\u00bbcenter\u00bb _builder_version=\u00bb4.10.1&#8243; _module_preset=\u00bbdefault\u00bb width=\u00bb12%\u00bb animation_style=\u00bbfade\u00bb locked=\u00bboff\u00bb global_colors_info=\u00bb{}\u00bb][\/et_pb_image][\/et_pb_column][\/et_pb_row][\/et_pb_section]<\/p>\n","protected":false},"excerpt":{"rendered":"<p>\u201cTu Empresa va a crecer, en la misma medida que tu gente crezca\u201d\u201cTu Empresa va a crecer, en la misma medida que tu gente crezca\u201dEl bienestar emocional y mental de tus colaboradores, es esencial para lograr mejores resultados, mayor productividad y compromiso con la organizaci\u00f3n. \u00bfC\u00f3mo lo puedes lograr? MEDITA EMPRESARIAL Con Luz, es un [&hellip;]<\/p>\n","protected":false},"author":1,"featured_media":0,"parent":0,"menu_order":0,"comment_status":"closed","ping_status":"closed","template":"","meta":{"_et_pb_use_builder":"on","_et_pb_old_content":"","_et_gb_content_width":"","footnotes":""},"class_list":["post-9295","page","type-page","status-publish","hentry"],"aioseo_notices":[],"_links":{"self":[{"href":"https:\/\/conluzmeditacion.com\/index.php\/wp-json\/wp\/v2\/pages\/9295","targetHints":{"allow":["GET"]}}],"collection":[{"href":"https:\/\/conluzmeditacion.com\/index.php\/wp-json\/wp\/v2\/pages"}],"about":[{"href":"https:\/\/conluzmeditacion.com\/index.php\/wp-json\/wp\/v2\/types\/page"}],"author":[{"embeddable":true,"href":"https:\/\/conluzmeditacion.com\/index.php\/wp-json\/wp\/v2\/users\/1"}],"replies":[{"embeddable":true,"href":"https:\/\/conluzmeditacion.com\/index.php\/wp-json\/wp\/v2\/comments?post=9295"}],"version-history":[{"count":26,"href":"https:\/\/conluzmeditacion.com\/index.php\/wp-json\/wp\/v2\/pages\/9295\/revisions"}],"predecessor-version":[{"id":9841,"href":"https:\/\/conluzmeditacion.com\/index.php\/wp-json\/wp\/v2\/pages\/9295\/revisions\/9841"}],"wp:attachment":[{"href":"https:\/\/conluzmeditacion.com\/index.php\/wp-json\/wp\/v2\/media?parent=9295"}],"curies":[{"name":"wp","href":"https:\/\/api.w.org\/{rel}","templated":true}]}}