{"id":1070,"date":"2021-04-12T05:26:47","date_gmt":"2021-04-12T05:26:47","guid":{"rendered":"http:\/\/conluzmeditacion.com\/index.php\/books\/"},"modified":"2023-05-24T01:58:10","modified_gmt":"2023-05-24T01:58:10","slug":"books","status":"publish","type":"page","link":"https:\/\/conluzmeditacion.com\/index.php\/books\/","title":{"rendered":"Recursos Gratuitos"},"content":{"rendered":"<p>[et_pb_section fb_built=\u00bb1&#8243; fullwidth=\u00bbon\u00bb disabled_on=\u00bbon|on|on\u00bb _builder_version=\u00bb4.10.1&#8243; _module_preset=\u00bbdefault\u00bb disabled=\u00bbon\u00bb global_colors_info=\u00bb{}\u00bb][et_pb_fullwidth_image src=\u00bbhttps:\/\/conluzmeditacion.com\/wp-content\/uploads\/2022\/03\/Fondo-proximamente.png\u00bb title_text=\u00bbFondo proximamente\u00bb _builder_version=\u00bb4.10.1&#8243; _module_preset=\u00bbdefault\u00bb custom_padding=\u00bb||0px|||\u00bb global_colors_info=\u00bb{}\u00bb][\/et_pb_fullwidth_image][\/et_pb_section][et_pb_section fb_built=\u00bb1&#8243; disabled_on=\u00bboff|off|off\u00bb _builder_version=\u00bb4.10.1&#8243; _module_preset=\u00bbdefault\u00bb background_image=\u00bbhttps:\/\/conluzmeditacion.com\/wp-content\/uploads\/2022\/03\/fondo-definitivo-opt.png\u00bb global_colors_info=\u00bb{}\u00bb][et_pb_row column_structure=\u00bb1_3,1_3,1_3&#8243; disabled_on=\u00bbon|on|on\u00bb _builder_version=\u00bb4.10.1&#8243; _module_preset=\u00bbdefault\u00bb disabled=\u00bbon\u00bb global_colors_info=\u00bb{}\u00bb][et_pb_column type=\u00bb1_3&#8243; _builder_version=\u00bb4.10.1&#8243; _module_preset=\u00bbdefault\u00bb background_color=\u00bb#82C4AF\u00bb border_radii=\u00bbon|16px|16px|16px|16px\u00bb global_colors_info=\u00bb{}\u00bb][et_pb_image src=\u00bbhttps:\/\/conluzmeditacion.com\/wp-content\/uploads\/2022\/03\/Foto-Inicio-opt.jpg\u00bb title_text=\u00bbFoto Inicio opt\u00bb _builder_version=\u00bb4.10.1&#8243; _module_preset=\u00bbdefault\u00bb global_colors_info=\u00bb{}\u00bb][\/et_pb_image][et_pb_text _builder_version=\u00bb4.10.1&#8243; _module_preset=\u00bbdefault\u00bb text_font=\u00bbQuicksand|700|||||||\u00bb text_text_color=\u00bb#FFFFFF\u00bb text_font_size=\u00bb29px\u00bb text_orientation=\u00bbcenter\u00bb custom_margin=\u00bb||14px|||\u00bb global_colors_info=\u00bb{}\u00bb]Titulo de curso[\/et_pb_text][et_pb_text _builder_version=\u00bb4.10.1&#8243; _module_preset=\u00bbdefault\u00bb text_font=\u00bbArima Madurai||||||||\u00bb text_text_color=\u00bb#FFFFFF\u00bb text_orientation=\u00bbcenter\u00bb custom_margin=\u00bb||9px|||\u00bb global_colors_info=\u00bb{}\u00bb]+ detalle de curso<\/p>\n<p>+ detalle de curso<\/p>\n<p>+ detalle de curso<\/p>\n<p>+ detalle de curso[\/et_pb_text][et_pb_button button_text=\u00bbIr al Curso\u00bb button_alignment=\u00bbcenter\u00bb _builder_version=\u00bb4.10.1&#8243; _module_preset=\u00bbdefault\u00bb custom_button=\u00bbon\u00bb button_text_color=\u00bb#FFFFFF\u00bb custom_margin=\u00bb||15px||false|false\u00bb global_colors_info=\u00bb{}\u00bb][\/et_pb_button][\/et_pb_column][et_pb_column type=\u00bb1_3&#8243; _builder_version=\u00bb4.10.1&#8243; _module_preset=\u00bbdefault\u00bb background_color=\u00bb#82C4AF\u00bb border_radii=\u00bbon|16px|16px|16px|16px\u00bb global_colors_info=\u00bb{}\u00bb][et_pb_image src=\u00bbhttps:\/\/conluzmeditacion.com\/wp-content\/uploads\/2022\/03\/Foto-Inicio-opt.jpg\u00bb title_text=\u00bbFoto Inicio opt\u00bb _builder_version=\u00bb4.10.1&#8243; _module_preset=\u00bbdefault\u00bb global_colors_info=\u00bb{}\u00bb][\/et_pb_image][et_pb_text _builder_version=\u00bb4.10.1&#8243; _module_preset=\u00bbdefault\u00bb text_font=\u00bbQuicksand|700|||||||\u00bb text_text_color=\u00bb#FFFFFF\u00bb text_font_size=\u00bb29px\u00bb text_orientation=\u00bbcenter\u00bb custom_margin=\u00bb||14px|||\u00bb global_colors_info=\u00bb{}\u00bb]Titulo de curso[\/et_pb_text][et_pb_text _builder_version=\u00bb4.10.1&#8243; _module_preset=\u00bbdefault\u00bb text_font=\u00bbArima Madurai||||||||\u00bb text_text_color=\u00bb#FFFFFF\u00bb text_orientation=\u00bbcenter\u00bb custom_margin=\u00bb||9px|||\u00bb global_colors_info=\u00bb{}\u00bb]+ detalle de curso<\/p>\n<p>+ detalle de curso<\/p>\n<p>+ detalle de curso<\/p>\n<p>+ detalle de curso[\/et_pb_text][et_pb_button button_text=\u00bbIr al Curso\u00bb button_alignment=\u00bbcenter\u00bb _builder_version=\u00bb4.10.1&#8243; _module_preset=\u00bbdefault\u00bb custom_button=\u00bbon\u00bb button_text_color=\u00bb#FFFFFF\u00bb custom_margin=\u00bb||15px||false|false\u00bb global_colors_info=\u00bb{}\u00bb][\/et_pb_button][\/et_pb_column][et_pb_column type=\u00bb1_3&#8243; _builder_version=\u00bb4.10.1&#8243; _module_preset=\u00bbdefault\u00bb background_color=\u00bb#82C4AF\u00bb border_radii=\u00bbon|16px|16px|16px|16px\u00bb global_colors_info=\u00bb{}\u00bb][et_pb_image src=\u00bbhttps:\/\/conluzmeditacion.com\/wp-content\/uploads\/2022\/03\/Foto-Inicio-opt.jpg\u00bb title_text=\u00bbFoto Inicio opt\u00bb _builder_version=\u00bb4.10.1&#8243; _module_preset=\u00bbdefault\u00bb global_colors_info=\u00bb{}\u00bb][\/et_pb_image][et_pb_text _builder_version=\u00bb4.10.1&#8243; _module_preset=\u00bbdefault\u00bb text_font=\u00bbQuicksand|700|||||||\u00bb text_text_color=\u00bb#FFFFFF\u00bb text_font_size=\u00bb29px\u00bb text_orientation=\u00bbcenter\u00bb custom_margin=\u00bb||14px|||\u00bb global_colors_info=\u00bb{}\u00bb]Titulo de curso[\/et_pb_text][et_pb_text _builder_version=\u00bb4.10.1&#8243; _module_preset=\u00bbdefault\u00bb text_font=\u00bbArima Madurai||||||||\u00bb text_text_color=\u00bb#FFFFFF\u00bb text_orientation=\u00bbcenter\u00bb custom_margin=\u00bb||9px|||\u00bb global_colors_info=\u00bb{}\u00bb]+ detalle de curso<\/p>\n<p>+ detalle de curso<\/p>\n<p>+ detalle de curso<\/p>\n<p>+ detalle de curso[\/et_pb_text][et_pb_button button_text=\u00bbIr al Curso\u00bb button_alignment=\u00bbcenter\u00bb _builder_version=\u00bb4.10.1&#8243; _module_preset=\u00bbdefault\u00bb custom_button=\u00bbon\u00bb button_text_color=\u00bb#FFFFFF\u00bb custom_margin=\u00bb||15px||false|false\u00bb global_colors_info=\u00bb{}\u00bb][\/et_pb_button][\/et_pb_column][\/et_pb_row][et_pb_row _builder_version=\u00bb4.10.1&#8243; _module_preset=\u00bbdefault\u00bb global_colors_info=\u00bb{}\u00bb][et_pb_column type=\u00bb4_4&#8243; _builder_version=\u00bb4.10.1&#8243; _module_preset=\u00bbdefault\u00bb global_colors_info=\u00bb{}\u00bb][et_pb_code _builder_version=\u00bb4.10.1&#8243; _module_preset=\u00bbdefault\u00bb global_colors_info=\u00bb{}\u00bb]<\/p>\n<div class=\"ml-form-embed\"<!-- [et_pb_line_break_holder] -->  data-account=\u00bb3818342:k3c4t2v7p6&#8243;<!-- [et_pb_line_break_holder] -->  data-form=\u00bb5463572:p0h8a7&#8243;><!-- [et_pb_line_break_holder] --><\/div>\n<p><!-- [et_pb_line_break_holder] --><!-- MailerLite Universal --><!-- [et_pb_line_break_holder] --><script><!-- [et_pb_line_break_holder] -->(function(m,a,i,l,e,r){ m['MailerLiteObject']=e;function f(){<!-- [et_pb_line_break_holder] -->var c={ a:arguments,q:[]};var r=this.push(c);return \"number\"!=typeof r?r:f.bind(c.q);}<!-- [et_pb_line_break_holder] -->f.q=f.q||[];m[e]=m[e]||f.bind(f.q);m[e].q=m[e].q||f.q;r=a.createElement(i);<!-- [et_pb_line_break_holder] -->var _=a.getElementsByTagName(i)[0];r.async=1;r.src=l+'?v'+(~~(new Date().getTime()\/1000000));<!-- [et_pb_line_break_holder] -->_.parentNode.insertBefore(r,_);})(window, document, 'script', 'https:\/\/static.mailerlite.com\/js\/universal.js', 'ml');<!-- [et_pb_line_break_holder] --><!-- [et_pb_line_break_holder] -->var ml_account = ml('accounts', '3818342', 'k3c4t2v7p6', 'load');<!-- [et_pb_line_break_holder] --><\/script><!-- [et_pb_line_break_holder] --><!-- End MailerLite Universal --><!-- [et_pb_line_break_holder] -->[\/et_pb_code][\/et_pb_column][\/et_pb_row][et_pb_row _builder_version=\u00bb4.10.1&#8243; _module_preset=\u00bbdefault\u00bb width=\u00bb30%\u00bb width_tablet=\u00bb\u00bb width_phone=\u00bb\u00bb width_last_edited=\u00bbon|desktop\u00bb global_colors_info=\u00bb{}\u00bb][et_pb_column type=\u00bb4_4&#8243; _builder_version=\u00bb4.10.1&#8243; _module_preset=\u00bbdefault\u00bb background_color=\u00bb#82C4AF\u00bb border_radii=\u00bbon|16px|16px|16px|16px\u00bb global_colors_info=\u00bb{}\u00bb][et_pb_image src=\u00bbhttps:\/\/conluzmeditacion.com\/wp-content\/uploads\/2022\/03\/Foto-Inicio-opt.jpg\u00bb title_text=\u00bbFoto Inicio opt\u00bb _builder_version=\u00bb4.10.1&#8243; _module_preset=\u00bbdefault\u00bb hover_enabled=\u00bb0&#8243; global_colors_info=\u00bb{}\u00bb sticky_enabled=\u00bb0&#8243;][\/et_pb_image][et_pb_text _builder_version=\u00bb4.10.1&#8243; _module_preset=\u00bbdefault\u00bb text_font=\u00bbQuicksand|700|||||||\u00bb text_text_color=\u00bb#FFFFFF\u00bb text_font_size=\u00bb29px\u00bb text_orientation=\u00bbcenter\u00bb custom_margin=\u00bb||14px|||\u00bb global_colors_info=\u00bb{}\u00bb]<\/p>\n<p>Meditaci\u00f3n para liberar estr\u00e9s<\/p>\n<p>[\/et_pb_text][et_pb_text _builder_version=\u00bb4.10.1&#8243; _module_preset=\u00bbdefault\u00bb text_font=\u00bbArima Madurai||||||||\u00bb text_text_color=\u00bb#FFFFFF\u00bb text_orientation=\u00bbcenter\u00bb custom_margin=\u00bb||9px|||\u00bb hover_enabled=\u00bb0&#8243; global_colors_info=\u00bb{}\u00bb sticky_enabled=\u00bb0&#8243;]<\/p>\n<p>+ Libera estr\u00e9s por medio de la meditaci\u00f3n. Puedes hacer este ejercicio en cualquier momento qu\u00e9 te des cuenta que est\u00e1s <a href=\"mailto:estresad@,\">estresad@,<\/a> Solo necesitas 4 minutos<\/p>\n<p>[\/et_pb_text][et_pb_button button_url=\u00bbhttps:\/\/youtu.be\/GUjeKEQJheY\u00bb url_new_window=\u00bbon\u00bb button_text=\u00bb\u00a1Escuchar ahora!\u00bb button_alignment=\u00bbcenter\u00bb _builder_version=\u00bb4.10.1&#8243; _module_preset=\u00bbdefault\u00bb custom_button=\u00bbon\u00bb button_text_color=\u00bb#FFFFFF\u00bb custom_margin=\u00bb||15px||false|false\u00bb hover_enabled=\u00bb0&#8243; global_colors_info=\u00bb{}\u00bb sticky_enabled=\u00bb0&#8243;][\/et_pb_button][\/et_pb_column][\/et_pb_row][et_pb_row _builder_version=\u00bb4.10.1&#8243; _module_preset=\u00bbdefault\u00bb width=\u00bb30%\u00bb width_tablet=\u00bb\u00bb width_phone=\u00bb\u00bb width_last_edited=\u00bbon|desktop\u00bb global_colors_info=\u00bb{}\u00bb][et_pb_column type=\u00bb4_4&#8243; _builder_version=\u00bb4.10.1&#8243; _module_preset=\u00bbdefault\u00bb background_color=\u00bb#82C4AF\u00bb border_radii=\u00bbon|16px|16px|16px|16px\u00bb global_colors_info=\u00bb{}\u00bb][et_pb_image src=\u00bbhttps:\/\/conluzmeditacion.com\/wp-content\/uploads\/2022\/03\/Foto-Inicio-opt.jpg\u00bb title_text=\u00bbFoto Inicio opt\u00bb _builder_version=\u00bb4.10.1&#8243; _module_preset=\u00bbdefault\u00bb global_colors_info=\u00bb{}\u00bb][\/et_pb_image][et_pb_text _builder_version=\u00bb4.10.1&#8243; _module_preset=\u00bbdefault\u00bb text_font=\u00bbQuicksand|700|||||||\u00bb text_text_color=\u00bb#FFFFFF\u00bb text_font_size=\u00bb29px\u00bb text_orientation=\u00bbcenter\u00bb custom_margin=\u00bb||14px|||\u00bb global_colors_info=\u00bb{}\u00bb]Meditaci\u00f3n para dormir por medio de la gratitud[\/et_pb_text][et_pb_text _builder_version=\u00bb4.10.1&#8243; _module_preset=\u00bbdefault\u00bb text_font=\u00bbArima Madurai||||||||\u00bb text_text_color=\u00bb#FFFFFF\u00bb text_orientation=\u00bbcenter\u00bb custom_margin=\u00bb||9px|||\u00bb global_colors_info=\u00bb{}\u00bb]+ Logra un sue\u00f1o reparador por medio de la meditaci\u00f3n[\/et_pb_text][et_pb_button button_url=\u00bbhttps:\/\/soundcloud.com\/user-587213193-741275762\/gratitud-para-dormir\/s-PwCPidb8bqJ?utm_source=clipboard&#038;utm_medium=text&#038;utm_campaign=social_sharing\u00bb url_new_window=\u00bbon\u00bb button_text=\u00bb\u00a1Escuchar ahora!\u00bb button_alignment=\u00bbcenter\u00bb _builder_version=\u00bb4.10.1&#8243; _module_preset=\u00bbdefault\u00bb custom_button=\u00bbon\u00bb button_text_color=\u00bb#FFFFFF\u00bb custom_margin=\u00bb||15px||false|false\u00bb global_colors_info=\u00bb{}\u00bb][\/et_pb_button][\/et_pb_column][\/et_pb_row][et_pb_row _builder_version=\u00bb4.10.1&#8243; _module_preset=\u00bbdefault\u00bb width=\u00bb30%\u00bb width_tablet=\u00bb\u00bb width_phone=\u00bb\u00bb width_last_edited=\u00bbon|desktop\u00bb global_colors_info=\u00bb{}\u00bb][et_pb_column type=\u00bb4_4&#8243; _builder_version=\u00bb4.10.1&#8243; _module_preset=\u00bbdefault\u00bb background_color=\u00bb#82C4AF\u00bb border_radii=\u00bbon|16px|16px|16px|16px\u00bb global_colors_info=\u00bb{}\u00bb][et_pb_image src=\u00bbhttps:\/\/conluzmeditacion.com\/wp-content\/uploads\/2022\/03\/Foto-Inicio-opt.jpg\u00bb title_text=\u00bbFoto Inicio opt\u00bb _builder_version=\u00bb4.10.1&#8243; _module_preset=\u00bbdefault\u00bb global_colors_info=\u00bb{}\u00bb][\/et_pb_image][et_pb_text _builder_version=\u00bb4.10.1&#8243; _module_preset=\u00bbdefault\u00bb text_font=\u00bbQuicksand|700|||||||\u00bb text_text_color=\u00bb#FFFFFF\u00bb text_font_size=\u00bb29px\u00bb text_orientation=\u00bbcenter\u00bb custom_margin=\u00bb||14px|||\u00bb global_colors_info=\u00bb{}\u00bb]Meditaci\u00f3n 5 min para cerrar el Lunes[\/et_pb_text][et_pb_text _builder_version=\u00bb4.10.1&#8243; _module_preset=\u00bbdefault\u00bb text_font=\u00bbArima Madurai||||||||\u00bb text_text_color=\u00bb#FFFFFF\u00bb text_orientation=\u00bbcenter\u00bb custom_margin=\u00bb||9px|||\u00bb global_colors_info=\u00bb{}\u00bb]+ Deja ir la densidad del lunes[\/et_pb_text][et_pb_button button_url=\u00bbhttps:\/\/soundcloud.com\/user-587213193-741275762\/meditacion-para-cerrar-el-lunes?utm_source=clipboard&#038;utm_medium=text&#038;utm_campaign=social_sharing\u00bb url_new_window=\u00bbon\u00bb button_text=\u00bb\u00a1Escuchar ahora!\u00bb button_alignment=\u00bbcenter\u00bb _builder_version=\u00bb4.10.1&#8243; _module_preset=\u00bbdefault\u00bb custom_button=\u00bbon\u00bb button_text_color=\u00bb#FFFFFF\u00bb custom_margin=\u00bb||15px||false|false\u00bb global_colors_info=\u00bb{}\u00bb][\/et_pb_button][\/et_pb_column][\/et_pb_row][\/et_pb_section][et_pb_section fb_built=\u00bb1&#8243; _builder_version=\u00bb4.10.1&#8243; _module_preset=\u00bbdefault\u00bb global_colors_info=\u00bb{}\u00bb][et_pb_row _builder_version=\u00bb4.10.1&#8243; _module_preset=\u00bbdefault\u00bb global_colors_info=\u00bb{}\u00bb][et_pb_column type=\u00bb4_4&#8243; _builder_version=\u00bb4.10.1&#8243; _module_preset=\u00bbdefault\u00bb global_colors_info=\u00bb{}\u00bb][\/et_pb_column][\/et_pb_row][\/et_pb_section]<\/p>\n","protected":false},"excerpt":{"rendered":"<p>Titulo de curso+ detalle de curso + detalle de curso + detalle de curso + detalle de cursoTitulo de curso+ detalle de curso + detalle de curso + detalle de curso + detalle de cursoTitulo de curso+ detalle de curso + detalle de curso + detalle de curso + detalle de cursoMeditaci\u00f3n para liberar estr\u00e9s+ [&hellip;]<\/p>\n","protected":false},"author":1,"featured_media":0,"parent":0,"menu_order":0,"comment_status":"closed","ping_status":"closed","template":"","meta":{"_et_pb_use_builder":"on","_et_pb_old_content":"<!-- wp:cover {\"customOverlayColor\":\"#1b1f29\",\"minHeight\":380,\"align\":\"full\"} -->\n<div class=\"wp-block-cover alignfull has-background-dim\" style=\"background-color:#1b1f29;min-height:380px\"><div class=\"wp-block-cover__inner-container\"><!-- wp:heading {\"textAlign\":\"center\",\"level\":1,\"textColor\":\"white\"} -->\n<h1 class=\"has-text-align-center has-white-color has-text-color\">Books<\/h1>\n<!-- \/wp:heading -->\n\n<!-- wp:paragraph {\"align\":\"center\",\"style\":{\"color\":{\"text\":\"#9599a5\"}}} -->\n<p class=\"has-text-align-center has-text-color\" style=\"color:#9599a5\">Ultricies dui, pellentesque pellentesque tristique rhoncus, risus elementum <br>massa orci tellus arcu velit molestie quisque fusce.<\/p>\n<!-- \/wp:paragraph --><\/div><\/div>\n<!-- \/wp:cover -->\n\n<!-- wp:group {\"align\":\"wide\"} -->\n<div class=\"wp-block-group alignwide\"><div class=\"wp-block-group__inner-container\"><!-- wp:media-text {\"mediaId\":606,\"mediaLink\":\"https:\/\/websitedemos.net\/public-speaker-08\/book-cover-3\/\",\"mediaType\":\"image\",\"mediaWidth\":48} -->\n<div class=\"wp-block-media-text alignwide is-stacked-on-mobile\" style=\"grid-template-columns:48% auto\"><figure class=\"wp-block-media-text__media\"><img src=\"http:\/\/conluzmeditacion.com\/wp-content\/uploads\/2021\/02\/book-cover-3.jpg\" alt=\"\" class=\"wp-image-606 size-full\"\/><\/figure><div class=\"wp-block-media-text__content\"><!-- wp:group -->\n<div class=\"wp-block-group\"><div class=\"wp-block-group__inner-container\"><!-- wp:heading {\"level\":6,\"style\":{\"color\":{\"text\":\"#9599a5\"}}} -->\n<h6 class=\"has-text-color\" style=\"color:#9599a5\">Featured book<\/h6>\n<!-- \/wp:heading -->\n\n<!-- wp:heading -->\n<h2><em>Elementum aliquam hendrerit volutpat\u200b<\/em><\/h2>\n<!-- \/wp:heading -->\n\n<!-- wp:paragraph -->\n<p><strong>Venenatis nisi, viverra arcu maecenas dictum ipsum at magna interdum morbi sit neque vitae dictumst urna.<\/strong><\/p>\n<!-- \/wp:paragraph -->\n\n<!-- wp:paragraph -->\n<p>Pharetra sed libero, et augue velit, habitasse morbi lacinia arcu, id porta tristique in pellentesque donec amet turpis nulla amet, vitae dui justo, quis donec tincidunt at parturient praesent velit libero risus maecenas augue senectus congue suspendisse lacinia orci pellentesque amet rhoncus ipsum felis.<br><\/p>\n<!-- \/wp:paragraph -->\n\n<!-- wp:paragraph -->\n<p>Vulputate gravida sit semper<br>Lorem cursus vel netus pretium<br>Nascetur aenean lorem pretium accumsan<br>Sed ut fames maecenas ullamcorper vestibulum<br>Non duis tristique tortor bibendum<\/p>\n<!-- \/wp:paragraph -->\n\n<!-- wp:buttons -->\n<div class=\"wp-block-buttons\"><!-- wp:button -->\n<div class=\"wp-block-button\"><a class=\"wp-block-button__link\">Get the Book Now<\/a><\/div>\n<!-- \/wp:button --><\/div>\n<!-- \/wp:buttons --><\/div><\/div>\n<!-- \/wp:group --><\/div><\/div>\n<!-- \/wp:media-text --><\/div><\/div>\n<!-- \/wp:group -->\n\n<!-- wp:group {\"align\":\"full\",\"style\":{\"color\":{\"background\":\"#f8f9fc\"}}} -->\n<div class=\"wp-block-group alignfull has-background\" style=\"background-color:#f8f9fc\"><div class=\"wp-block-group__inner-container\"><!-- wp:heading {\"textAlign\":\"center\"} -->\n<h2 class=\"has-text-align-center\"><em>Books by Tim<\/em><\/h2>\n<!-- \/wp:heading -->\n\n<!-- wp:paragraph {\"align\":\"center\"} -->\n<p class=\"has-text-align-center\">Odio adipiscing mattis in vel ut varius ut dignissim odio ut enim duis a justo <br>rhoncus sed lectus etiam pellentesque nisl mollis pretium nunc.<\/p>\n<!-- \/wp:paragraph -->\n\n<!-- wp:columns {\"align\":\"wide\"} -->\n<div class=\"wp-block-columns alignwide\"><!-- wp:column -->\n<div class=\"wp-block-column\"><!-- wp:image {\"align\":\"center\",\"id\":76,\"sizeSlug\":\"large\",\"linkDestination\":\"none\"} -->\n<div class=\"wp-block-image\"><figure class=\"aligncenter size-large\"><img src=\"http:\/\/conluzmeditacion.com\/wp-content\/uploads\/2021\/02\/book-3.jpg\" alt=\"\" class=\"wp-image-76\"\/><\/figure><\/div>\n<!-- \/wp:image -->\n\n<!-- wp:heading {\"textAlign\":\"center\",\"level\":4} -->\n<h4 class=\"has-text-align-center\">Elementum aliquam hendrerit nibh volutpat<\/h4>\n<!-- \/wp:heading -->\n\n<!-- wp:buttons {\"contentJustification\":\"center\"} -->\n<div class=\"wp-block-buttons is-content-justification-center\"><!-- wp:button {\"className\":\"is-style-outline\"} -->\n<div class=\"wp-block-button is-style-outline\"><a class=\"wp-block-button__link\">Get The Book Now<\/a><\/div>\n<!-- \/wp:button --><\/div>\n<!-- \/wp:buttons --><\/div>\n<!-- \/wp:column -->\n\n<!-- wp:column -->\n<div class=\"wp-block-column\"><!-- wp:image {\"align\":\"center\",\"id\":74,\"sizeSlug\":\"large\",\"linkDestination\":\"none\"} -->\n<div class=\"wp-block-image\"><figure class=\"aligncenter size-large\"><img src=\"http:\/\/conluzmeditacion.com\/wp-content\/uploads\/2021\/02\/book-1.jpg\" alt=\"\" class=\"wp-image-74\"\/><\/figure><\/div>\n<!-- \/wp:image -->\n\n<!-- wp:heading {\"textAlign\":\"center\",\"level\":4} -->\n<h4 class=\"has-text-align-center\">Fringilla congueque volutpat nibh hendrerit aliquam<\/h4>\n<!-- \/wp:heading -->\n\n<!-- wp:buttons {\"contentJustification\":\"center\"} -->\n<div class=\"wp-block-buttons is-content-justification-center\"><!-- wp:button {\"className\":\"is-style-outline\"} -->\n<div class=\"wp-block-button is-style-outline\"><a class=\"wp-block-button__link\">Get The Book Now<\/a><\/div>\n<!-- \/wp:button --><\/div>\n<!-- \/wp:buttons --><\/div>\n<!-- \/wp:column -->\n\n<!-- wp:column -->\n<div class=\"wp-block-column\"><!-- wp:image {\"align\":\"center\",\"id\":75,\"sizeSlug\":\"large\",\"linkDestination\":\"none\"} -->\n<div class=\"wp-block-image\"><figure class=\"aligncenter size-large\"><img src=\"http:\/\/conluzmeditacion.com\/wp-content\/uploads\/2021\/02\/book-2.jpg\" alt=\"\" class=\"wp-image-75\"\/><\/figure><\/div>\n<!-- \/wp:image -->\n\n<!-- wp:heading {\"textAlign\":\"center\",\"level\":4} -->\n<h4 class=\"has-text-align-center\">Dapibus sapien non egestas viverra purus aliquam<\/h4>\n<!-- \/wp:heading -->\n\n<!-- wp:buttons {\"contentJustification\":\"center\"} -->\n<div class=\"wp-block-buttons is-content-justification-center\"><!-- wp:button {\"className\":\"is-style-outline\"} -->\n<div class=\"wp-block-button is-style-outline\"><a class=\"wp-block-button__link\">Get The Book Now<\/a><\/div>\n<!-- \/wp:button --><\/div>\n<!-- \/wp:buttons --><\/div>\n<!-- \/wp:column --><\/div>\n<!-- \/wp:columns --><\/div><\/div>\n<!-- \/wp:group -->\n\n<!-- wp:group {\"align\":\"wide\"} -->\n<div class=\"wp-block-group alignwide\"><div class=\"wp-block-group__inner-container\"><!-- wp:image {\"align\":\"center\",\"id\":1181,\"width\":30,\"height\":30,\"sizeSlug\":\"large\",\"linkDestination\":\"none\"} -->\n<div class=\"wp-block-image\"><figure class=\"aligncenter size-large is-resized\"><img src=\"http:\/\/conluzmeditacion.com\/wp-content\/uploads\/2021\/04\/quotes.png\" alt=\"\" class=\"wp-image-1181\" width=\"30\" height=\"30\"\/><\/figure><\/div>\n<!-- \/wp:image -->\n\n<!-- wp:heading {\"textAlign\":\"center\"} -->\n<h2 class=\"has-text-align-center\"><em>Tim is dolor ipsum leo enim amet purus orci, cras donec neque velit maecenas sit adipiscing eu morbi cras eu mi, risus sapien pretium pellentesque arcu.<\/em><\/h2>\n<!-- \/wp:heading -->\n\n<!-- wp:separator {\"customColor\":\"#2925f4\",\"align\":\"center\"} -->\n<hr class=\"wp-block-separator aligncenter has-text-color has-background\" style=\"background-color:#2925f4;color:#2925f4\"\/>\n<!-- \/wp:separator -->\n\n<!-- wp:heading {\"textAlign\":\"center\",\"level\":5} -->\n<h5 class=\"has-text-align-center\">Sean Paul, Director, UCLA Corporation<\/h5>\n<!-- \/wp:heading --><\/div><\/div>\n<!-- \/wp:group -->","_et_gb_content_width":"","footnotes":""},"class_list":["post-1070","page","type-page","status-publish","hentry"],"aioseo_notices":[],"_links":{"self":[{"href":"https:\/\/conluzmeditacion.com\/index.php\/wp-json\/wp\/v2\/pages\/1070","targetHints":{"allow":["GET"]}}],"collection":[{"href":"https:\/\/conluzmeditacion.com\/index.php\/wp-json\/wp\/v2\/pages"}],"about":[{"href":"https:\/\/conluzmeditacion.com\/index.php\/wp-json\/wp\/v2\/types\/page"}],"author":[{"embeddable":true,"href":"https:\/\/conluzmeditacion.com\/index.php\/wp-json\/wp\/v2\/users\/1"}],"replies":[{"embeddable":true,"href":"https:\/\/conluzmeditacion.com\/index.php\/wp-json\/wp\/v2\/comments?post=1070"}],"version-history":[{"count":22,"href":"https:\/\/conluzmeditacion.com\/index.php\/wp-json\/wp\/v2\/pages\/1070\/revisions"}],"predecessor-version":[{"id":10077,"href":"https:\/\/conluzmeditacion.com\/index.php\/wp-json\/wp\/v2\/pages\/1070\/revisions\/10077"}],"wp:attachment":[{"href":"https:\/\/conluzmeditacion.com\/index.php\/wp-json\/wp\/v2\/media?parent=1070"}],"curies":[{"name":"wp","href":"https:\/\/api.w.org\/{rel}","templated":true}]}}